{"id":5,"date":"2016-01-29T10:12:39","date_gmt":"2016-01-29T10:12:39","guid":{"rendered":"https:\/\/the7.io\/beauty-studio\/?page_id=5"},"modified":"2020-12-10T01:54:30","modified_gmt":"2020-12-10T01:54:30","slug":"sobre-clinicalspa","status":"publish","type":"page","link":"https:\/\/www.clinicalspa.com.co\/index.php\/sobre-clinicalspa\/","title":{"rendered":"Sobre Clinical Spa"},"content":{"rendered":"<p>[vc_row type=\u00bbvc_default\u00bb margin_top=\u00bb10&#8243; margin_bottom=\u00bb25&#8243; css=\u00bb.vc_custom_1490529743633{padding-top: 70px !important;padding-bottom: 20px !important;}\u00bb][vc_column offset=\u00bbvc_col-lg-6 vc_col-md-6&#8243; css=\u00bb.vc_custom_1490527448702{padding-bottom: 50px !important;}\u00bb]<div id=\"ultimate-heading-33869f9eba800347\" class=\"uvc-heading ult-adjust-bottom-margin ultimate-heading-33869f9eba800347 uvc-2932 \" data-hspacer=\"no_spacer\"  data-halign=\"left\" style=\"text-align:left\"><div class=\"uvc-heading-spacer no_spacer\" style=\"top\"><\/div><div class=\"uvc-main-heading ult-responsive\"  data-ultimate-target='.uvc-heading.ultimate-heading-33869f9eba800347 h2'  data-responsive-json-new='{\"font-size\":\"desktop:26px;\",\"line-height\":\"desktop:36px;\"}' ><h2 style=\"font-weight:bold;margin-bottom:30px;\">Nuestra Historia desde el 2005<\/h2><\/div><\/div><div class=\"shortcode-single-image-wrap alignleft  vc_custom_1542899637074\" ><div class=\"shortcode-single-image\"><div class=\"fancy-media-wrap layzr-bg\" style=\"\"><img class=\"lazy-load preload-me\" src=\"data:image\/svg+xml,%3Csvg%20xmlns%3D&#39;http%3A%2F%2Fwww.w3.org%2F2000%2Fsvg&#39;%20viewBox%3D&#39;0%200%20230%20230&#39;%2F%3E\" data-src=\"https:\/\/www.clinicalspa.com.co\/wp-content\/uploads\/2018\/11\/sede_2-230x230.png\" data-srcset=\"https:\/\/www.clinicalspa.com.co\/wp-content\/uploads\/2018\/11\/sede_2-230x230.png 230w\" width=\"230\" height=\"230\"  data-dt-location=\"https:\/\/www.clinicalspa.com.co\/index.php\/sobre-clinicalspa\/sede_2\/\" style=\"\" alt=\"\" \/><\/div><\/div><\/div>[vc_column_text]<\/p>\n<p style=\"text-align: justify;\">Por iniciativa de los doctores: Constanza Bastidas &#8211; Anestesi\u00f3loga y Jos\u00e9 Guillermo Rodr\u00edguez Rosas \u2013 Cirujano Pl\u00e1stico, surge la idea de fundar en San Juan de Pasto una cl\u00ednica dedicada a la prestaci\u00f3n de servicios de salud en la rama de la cirug\u00eda pl\u00e1stica y est\u00e9tica, pues su experiencia en el mercado por m\u00e1s de 10 a\u00f1os en nuestra regi\u00f3n prestando servicios de esta \u00edndole, les permiti\u00f3 detectar una importante oportunidad de negocios en este sector. Es as\u00ed como a partir de septiembre de 2005 se registra ante la C\u00e1mara de Comercio de Pasto la sociedad CLINICAL SPA CIRUGIA PLASTICA &amp; LASER LTDA. La iniciativa de los fundadores se ve posteriormente plasmada en una infraestructura f\u00edsica dise\u00f1ada pensando en ofrecer servicios con altas caracter\u00edsticas de calidad para sus clientes.<\/p>\n<p style=\"text-align: justify;\">En el mes de Junio de 2007 la organizaci\u00f3n inicia sus operaciones en su nueva sede ubicada en la Carrera 41 No. 17A \u2013 95 Barrio El Dorado de la ciudad de Pasto \u2013 Nari\u00f1o \u2013 Colombia, a partir de ese momento nos hemos preocupado por cada detalle para que este sea un lugar c\u00e1lido y que le permita\u00a0 a sus clientes el deleite con cada uno de sus servicios.\u00a0 La calidad es uno de nuestros objetivos principales, lo que nos motiva a velar constantemente por la satisfacci\u00f3n de sus necesidades.<\/p>\n<p>[\/vc_column_text][\/vc_column][vc_column offset=\u00bbvc_col-lg-6 vc_col-md-6&#8243; css=\u00bb.vc_custom_1490529739903{padding-bottom: 50px !important;}\u00bb][vc_column_text]<\/p>\n<p style=\"text-align: justify;\">En el primer semestre de 2013, la organizaci\u00f3n logra la certificaci\u00f3n de su Sistema de Gesti\u00f3n de la Calidad bajo la Norma NTC \u2013 ISO 9001:2008, otorgada por ICONTEC, convirti\u00e9ndose en la primera instituci\u00f3n prestadora de servicios en cirug\u00eda pl\u00e1stica, est\u00e9tica, dermatolog\u00eda y medicina del dolor certificada por esta importante entidad. Posteriormente Clinical Spa obtiene el Certificado IQNET (internacional),<\/p>\n<p style=\"text-align: justify;\">En CLINICAL SPA LTDA, se inicia prestando un\u00a0 conjunto de servicios encaminados a personas que reconocen un \u00e1rea espec\u00edfica en la que su apariencia pueda ser mejorada y tienen un gran deseo de hacerse este cambio.\u00a0 Mejorar aspectos de la cara o el cuerpo hace que las personas que optan por nuestros servicios se sientan mejor consigo mismas, y esto puede tener un impacto positivo en muchas \u00e1reas de su vida.\u00a0 Prestamos los siguientes servicios:<\/p>\n<p style=\"text-align: justify;\">A partir del a\u00f1o 2014 , como acci\u00f3n preventiva y con objetivos claros de expansi\u00f3n, Clinical Spa decide prestar sus servicios a poblaci\u00f3n de Eps, habilitando diferentes especialidades como Otorrinolaringologia, Urologia, ,Cirugia de Mano, Ortopedia y Traumatologia,\u00a0 Cirugia de Columna, Gastroenterologia, Cirugia\u00a0 Maxilofacial, Cirugia Oral, Endodoncia y Odontopediatria,\u00a0\u00a0 desde esta fecha se ha adquirido un compromiso social en la atenci\u00f3n de pacientes de Cirug\u00eda pl\u00e1stica y reconstructiva\u00a0 y dem\u00e1s especilidades\u00a0 con las diferentes EPS de la regi\u00f3n.<\/p>\n<p style=\"text-align: justify;\">En el a\u00f1o 2017, Clinical Spa se consolida como una CLINICA, de cirug\u00eda ambulatoria, en diferentes especialidades, con relaciones comerciales estables basadas en la honestidad,\u00a0 clientes satisfechos y enfocada claramente en la calidez, humanizaci\u00f3n en el servicio e igualdad en atenci\u00f3n entre pacientes de EPS Y Privados.<\/p>\n<p>[\/vc_column_text][\/vc_column][vc_column][\/vc_column][\/vc_row][vc_row full_width=\u00bbstretch_row\u00bb bg_type=\u00bbbg_color\u00bb bg_color_value=\u00bb#ffffff\u00bb css=\u00bb.vc_custom_1601052891597{padding-top: 70px !important;padding-bottom: 70px !important;}\u00bb][vc_column width=\u00bb1\/2&#8243;]<div class=\"ult-animation  ult-animate-viewport  ult-no-mobile \" data-animate=\"bounceInLeft\" data-animation-delay=\"0\" data-animation-duration=\"3\" data-animation-iteration=\"1\" style=\"opacity:0;\" data-opacity_start_effect=\"\"><div id=\"ultimate-heading-498169f9eba800aa2\" class=\"uvc-heading ult-adjust-bottom-margin ultimate-heading-498169f9eba800aa2 uvc-4187 \" data-hspacer=\"line_only\"  data-halign=\"center\" style=\"text-align:center\"><div class=\"uvc-main-heading ult-responsive\"  data-ultimate-target='.uvc-heading.ultimate-heading-498169f9eba800aa2 h2'  data-responsive-json-new='{\"font-size\":\"\",\"line-height\":\"\"}' ><h2 style=\"font-weight:bold;color:#d05190;\">Misi\u00f3n<\/h2><\/div><div class=\"uvc-heading-spacer line_only\" style=\"topheight:1px;\"><span class=\"uvc-headings-line\" style=\"border-style:solid;border-bottom-width:1px;border-color:#d05190;width:autopx;\"><\/span><\/div><div class=\"uvc-sub-heading ult-responsive\"  data-ultimate-target='.uvc-heading.ultimate-heading-498169f9eba800aa2 .uvc-sub-heading '  data-responsive-json-new='{\"font-size\":\"\",\"line-height\":\"\"}'  style=\"font-weight:normal;\"><\/p>\n<p style=\"text-align: justify;\">CLINICAL SPA es una organizaci\u00f3n privada, prestadora de servicios integrales de salud\u00a0en las \u00e1reas de est\u00e9tica y belleza.\u00a0La organizaci\u00f3n orienta sus esfuerzos para brindar belleza, bienestar y una mejor calidad\u00a0de vida para sus clientes, mejorando su apariencia f\u00edsica, autoestima y la posibilidad de un\u00a0mejor relacionamiento social. En CLINICAL SPA, la calidad se fundamenta en los siguientes criterios:<\/p>\n<p><\/div><\/div><div class=\"standard-arrow list-divider\"><ul>\n<li>Accesibilidad para quienes conforman nuestro mercado objetivo.<\/li>\n<li>Oportunidad en la atenci\u00f3n.<\/li>\n<li>Seguridad cl\u00ednica para el paciente.<\/li>\n<li>Pertinencia en la prestaci\u00f3n del servicio con un uso racional de los recursos;\u00a0continuidad entendida como el acompa\u00f1amiento secuencial al cliente; buena\u00a0atenci\u00f3n en t\u00e9rminos de brindar amabilidad, confidencialidad, respeto por sus\u00a0derechos y calidez.<\/li>\n<li>Infraestructura y tecnolog\u00eda id\u00f3neas y mantenidas adecuadamente.<\/li>\n<li>Un recurso humano capacitado y con el conocimiento necesario, que es el motor\u00a0de la compa\u00f1\u00eda y sobre el cual nos preocupamos constantemente motiv\u00e1ndolo y\u00a0desarrollando sus competencias.<\/li>\n<\/ul>\n<\/div><\/div>[\/vc_column][vc_column width=\u00bb1\/2&#8243;]<div class=\"ult-animation  ult-animate-viewport  ult-no-mobile \" data-animate=\"bounceInRight\" data-animation-delay=\"0\" data-animation-duration=\"3\" data-animation-iteration=\"1\" style=\"opacity:0;\" data-opacity_start_effect=\"\"><div id=\"ultimate-heading-214269f9eba800c42\" class=\"uvc-heading ult-adjust-bottom-margin ultimate-heading-214269f9eba800c42 uvc-6452 \" data-hspacer=\"line_only\"  data-halign=\"center\" style=\"text-align:center\"><div class=\"uvc-main-heading ult-responsive\"  data-ultimate-target='.uvc-heading.ultimate-heading-214269f9eba800c42 h2'  data-responsive-json-new='{\"font-size\":\"\",\"line-height\":\"\"}' ><h2 style=\"font-weight:bold;color:#d05190;\">Visi\u00f3n<\/h2><\/div><div class=\"uvc-heading-spacer line_only\" style=\"topheight:1px;\"><span class=\"uvc-headings-line\" style=\"border-style:solid;border-bottom-width:1px;border-color:#d05190;width:autopx;\"><\/span><\/div><div class=\"uvc-sub-heading ult-responsive\"  data-ultimate-target='.uvc-heading.ultimate-heading-214269f9eba800c42 .uvc-sub-heading '  data-responsive-json-new='{\"font-size\":\"\",\"line-height\":\"\"}'  style=\"font-weight:normal;\"><\/p>\n<p style=\"text-align: justify;\">Nuestra organizaci\u00f3n ser\u00e1 en el mediano plazo una empresa econ\u00f3micamente s\u00f3lida y\u00a0rentable. Se encuentra en constante crecimiento y comprende el valor del cliente como el\u00a0motor de su desarrollo, por lo tanto establece relaciones de cercan\u00eda y afecto que van m\u00e1s\u00a0all\u00e1 del cumplimiento de las condiciones b\u00e1sicas de un servicio cl\u00ednico de calidad.<\/p>\n<p style=\"text-align: justify;\">Nuestros clientes nos referencian y nos permiten alcanzar cada d\u00eda una mejor posici\u00f3n\u00a0en el mercado. Somos una familia motivada que se siente feliz en su trabajo. Estamos\u00a0invirtiendo en los elementos que fortalezcan nuestros servicios y la relaci\u00f3n con nuestros\u00a0clientes, as\u00ed como, en nuestro pilar fundamental\u2026 la gente.<\/p>\n<p><\/div><\/div><\/div>[\/vc_column][\/vc_row][vc_row css=\u00bb.vc_custom_1601054422701{padding-top: 70px !important;padding-bottom: 70px !important;}\u00bb][vc_column][vc_row_inner][vc_column_inner]<div id=\"ultimate-heading-55369f9eba800c77\" class=\"uvc-heading ult-adjust-bottom-margin ultimate-heading-55369f9eba800c77 uvc-2508 \" data-hspacer=\"line_only\"  data-halign=\"center\" style=\"text-align:center\"><div class=\"uvc-main-heading ult-responsive\"  data-ultimate-target='.uvc-heading.ultimate-heading-55369f9eba800c77 h2'  data-responsive-json-new='{\"font-size\":\"desktop:26px;\",\"line-height\":\"desktop:36px;\"}' ><h2 style=\"font-weight:bold;margin-bottom:30px;\">Nuestros valores<\/h2><\/div><div class=\"uvc-heading-spacer line_only\" style=\"topheight:1px;\"><span class=\"uvc-headings-line\" style=\"border-style:solid;border-bottom-width:1px;border-color:#969696;width:autopx;\"><\/span><\/div><\/div>[vc_empty_space][\/vc_column_inner][\/vc_row_inner][vc_row_inner][vc_column_inner width=\u00bb1\/2&#8243;]<div class=\"aio-icon-component  vc_custom_1545943303783  accent-icon-bg style_1\"><div id=\"Info-box-wrap-3415\" class=\"aio-icon-box left-icon\" style=\"\"  ><div class=\"aio-icon-left\"><div class=\"ult-just-icon-wrapper  \"><div class=\"align-icon\" style=\"text-align:center;\">\n<div class=\"aio-icon circle \"  style=\"color:#ffffff;font-size:32px;display:inline-block;\">\n\t<i class=\"icomoon-fontawesome-16x16-chess-queen\"><\/i>\n<\/div><\/div><\/div><\/div><div class=\"aio-ibd-block\"><div class=\"aio-icon-header\" ><h3 class=\"aio-icon-title ult-responsive\"  data-ultimate-target='#Info-box-wrap-3415 .aio-icon-title'  data-responsive-json-new='{\"font-size\":\"desktop:20px;\",\"line-height\":\"\"}'  style=\"\">Respeto<\/h3><\/div> <!-- header --><div class=\"aio-icon-description ult-responsive\"  data-ultimate-target='#Info-box-wrap-3415 .aio-icon-description'  data-responsive-json-new='{\"font-size\":\"\",\"line-height\":\"\"}'  style=\"\">Por nuestros clientes y nuestro entorno.<\/div> <!-- description --><\/div> <!-- aio-ibd-block --><\/div> <!-- aio-icon-box --><\/div> <!-- aio-icon-component -->[\/vc_column_inner][vc_column_inner width=\u00bb1\/2&#8243;]<div class=\"aio-icon-component  vc_custom_1607565191180  accent-icon-bg style_1\"><div id=\"Info-box-wrap-8667\" class=\"aio-icon-box left-icon\" style=\"\"  ><div class=\"aio-icon-left\"><div class=\"ult-just-icon-wrapper  \"><div class=\"align-icon\" style=\"text-align:center;\">\n<div class=\"aio-icon circle \"  style=\"color:#ffffff;font-size:32px;display:inline-block;\">\n\t<i class=\"Defaults-user\"><\/i>\n<\/div><\/div><\/div><\/div><div class=\"aio-ibd-block\"><div class=\"aio-icon-header\" ><h3 class=\"aio-icon-title ult-responsive\"  data-ultimate-target='#Info-box-wrap-8667 .aio-icon-title'  data-responsive-json-new='{\"font-size\":\"desktop:20px;\",\"line-height\":\"\"}'  style=\"\">Orientaci\u00f3n hacia el cliente<\/h3><\/div> <!-- header --><div class=\"aio-icon-description ult-responsive\"  data-ultimate-target='#Info-box-wrap-8667 .aio-icon-description'  data-responsive-json-new='{\"font-size\":\"\",\"line-height\":\"desktop:20px;\"}'  style=\"\"><\/p>\n<p style=\"text-align: justify;\">Atendemos de manera eficaz los\u00a0requerimientos de nuestros clientes d\u00e1ndoles una respuesta adecuada a sus necesidades y\u00a0expectativas.<\/p>\n<p style=\"text-align: justify;\">Nuestro servicio est\u00e1 acompa\u00f1ado de amabilidad, cortes\u00eda y calor humano. Pero sobre\u00a0todo ofrecemos una respuesta oportuna en lo que nuestro cliente demanda.<\/p>\n<p><\/div> <!-- description --><\/div> <!-- aio-ibd-block --><\/div> <!-- aio-icon-box --><\/div> <!-- aio-icon-component -->[\/vc_column_inner][\/vc_row_inner][vc_row_inner][vc_column_inner width=\u00bb1\/2&#8243;]<div class=\"aio-icon-component  vc_custom_1607565227694  accent-icon-bg style_1\"><div id=\"Info-box-wrap-4419\" class=\"aio-icon-box left-icon\" style=\"\"  ><div class=\"aio-icon-left\"><div class=\"ult-just-icon-wrapper  \"><div class=\"align-icon\" style=\"text-align:center;\">\n<div class=\"aio-icon circle \"  style=\"color:#ffffff;font-size:32px;display:inline-block;\">\n\t<i class=\"icomoon-fontawesome-16x16-heart\"><\/i>\n<\/div><\/div><\/div><\/div><div class=\"aio-ibd-block\"><div class=\"aio-icon-header\" ><h3 class=\"aio-icon-title ult-responsive\"  data-ultimate-target='#Info-box-wrap-4419 .aio-icon-title'  data-responsive-json-new='{\"font-size\":\"desktop:20px;\",\"line-height\":\"\"}'  style=\"\">Responsabilidad<\/h3><\/div> <!-- header --><div class=\"aio-icon-description ult-responsive\"  data-ultimate-target='#Info-box-wrap-4419 .aio-icon-description'  data-responsive-json-new='{\"font-size\":\"\",\"line-height\":\"desktop:20px;\"}'  style=\"\"><\/p>\n<p style=\"text-align: justify;\">El actuar responsablemente nos lleva a practicar los\u00a0procedimientos a nuestros clientes con un alto grado de seguridad y profesionalismo.\u00a0Nuestro personal tiene un alto sentido de pertenencia y compromiso con nuestra.<\/p>\n<p><\/div> <!-- description --><\/div> <!-- aio-ibd-block --><\/div> <!-- aio-icon-box --><\/div> <!-- aio-icon-component -->[\/vc_column_inner][vc_column_inner width=\u00bb1\/2&#8243;]<div class=\"aio-icon-component  vc_custom_1607565249247  accent-icon-bg style_1\"><div id=\"Info-box-wrap-2436\" class=\"aio-icon-box left-icon\" style=\"\"  ><div class=\"aio-icon-left\"><div class=\"ult-just-icon-wrapper  \"><div class=\"align-icon\" style=\"text-align:center;\">\n<div class=\"aio-icon circle \"  style=\"color:#ffffff;font-size:32px;display:inline-block;\">\n\t<i class=\"Defaults-group users\"><\/i>\n<\/div><\/div><\/div><\/div><div class=\"aio-ibd-block\"><div class=\"aio-icon-header\" ><h3 class=\"aio-icon-title ult-responsive\"  data-ultimate-target='#Info-box-wrap-2436 .aio-icon-title'  data-responsive-json-new='{\"font-size\":\"desktop:20px;\",\"line-height\":\"\"}'  style=\"\">Trabajo en equipo<\/h3><\/div> <!-- header --><div class=\"aio-icon-description ult-responsive\"  data-ultimate-target='#Info-box-wrap-2436 .aio-icon-description'  data-responsive-json-new='{\"font-size\":\"\",\"line-height\":\"desktop:20px;\"}'  style=\"\"><\/p>\n<p style=\"text-align: justify;\">La acci\u00f3n coordinada de un conjunto de personas con\u00a0habilidades y capacidades diferentes que bajo un adecuado liderazgo trabajan por un\u00a0objetivo en com\u00fan, es lo que definimos como trabajo en equipo en CLINICAL SPA.<\/p>\n<p><\/div> <!-- description --><\/div> <!-- aio-ibd-block --><\/div> <!-- aio-icon-box --><\/div> <!-- aio-icon-component -->[\/vc_column_inner][\/vc_row_inner][\/vc_column][\/vc_row][vc_row equal_height=\u00bbyes\u00bb bg_type=\u00bbbg_color\u00bb bg_override=\u00bbex-full\u00bb css=\u00bb.vc_custom_1541545878051{padding-top: 60px !important;padding-bottom: 20px !important;}\u00bb bg_color_value=\u00bb#7dbcbe\u00bb][vc_column css=\u00bb.vc_custom_1509870018117{padding-bottom: 45px !important;}\u00bb]<div id=\"ultimate-heading-905569f9eba8010c8\" class=\"uvc-heading ult-adjust-bottom-margin ultimate-heading-905569f9eba8010c8 uvc-8068 \" data-hspacer=\"no_spacer\"  data-halign=\"center\" style=\"text-align:center\"><div class=\"uvc-heading-spacer no_spacer\" style=\"top\"><\/div><div class=\"uvc-main-heading ult-responsive\"  data-ultimate-target='.uvc-heading.ultimate-heading-905569f9eba8010c8 h2'  data-responsive-json-new='{\"font-size\":\"desktop:26px;\",\"line-height\":\"desktop:36px;\"}' ><h2 style=\"font-weight:bold;color:#ffffff;\">\u00a1Visita nuestras redes sociales!<\/h2><\/div><\/div>[\/vc_column][vc_column width=\u00bb5\/6&#8243; offset=\u00bbvc_col-lg-offset-2 vc_col-lg-8 vc_col-md-offset-1 vc_col-md-10 vc_col-sm-offset-1&#8243;][vc_row_inner][vc_column_inner width=\u00bb1\/3&#8243;]<div class=\"aio-icon-component  vc_custom_1545929333419   style_2\"><a class=\"aio-icon-box-link\" href=\"https:\/\/www.facebook.com\/ClinicalSpaPasto\/\" target=\"_blank\" rel=\"noopener\" ><div id=\"Info-box-wrap-7689\" class=\"aio-icon-box top-icon\" style=\"\"  ><div class=\"aio-icon-top\"><div class=\"ult-just-icon-wrapper  \"><div class=\"align-icon\" style=\"text-align:center;\">\n<div class=\"aio-icon advanced \"  style=\"color:#ffffff;background:rgba(0,0,0,0.01);border-style:solid;border-color:#ffffff;border-width:3px;width:70px;height:70px;line-height:70px;border-radius:500px;font-size:32px;display:inline-block;\">\n\t<i class=\"icomoon-fontawesome-brand-16x16-facebook-f\"><\/i>\n<\/div><\/div><\/div><\/div><div class=\"aio-icon-header\" ><h3 class=\"aio-icon-title ult-responsive\"  data-ultimate-target='#Info-box-wrap-7689 .aio-icon-title'  data-responsive-json-new='{\"font-size\":\"desktop:16px;\",\"line-height\":\"desktop:18px;\"}'  style=\"color:#ffffff;\">Facebook<\/h3><\/div> <!-- header --><\/div> <!-- aio-icon-box --><\/a><\/div> <!-- aio-icon-component -->[\/vc_column_inner][vc_column_inner width=\u00bb1\/3&#8243;]<div class=\"aio-icon-component  vc_custom_1547742651910   style_2\"><a class=\"aio-icon-box-link\" href=\"https:\/\/www.instagram.com\/clinicalspa\/\" target=\"_blank\" rel=\"noopener\" ><div id=\"Info-box-wrap-1762\" class=\"aio-icon-box top-icon\" style=\"\"  ><div class=\"aio-icon-top\"><div class=\"ult-just-icon-wrapper  \"><div class=\"align-icon\" style=\"text-align:center;\">\n<div class=\"aio-icon advanced \"  style=\"color:#ffffff;background:rgba(0,0,0,0.01);border-style:solid;border-color:#ffffff;border-width:3px;width:70px;height:70px;line-height:70px;border-radius:500px;font-size:32px;display:inline-block;\">\n\t<i class=\"icomoon-fontawesome-brand-16x16-instagram\"><\/i>\n<\/div><\/div><\/div><\/div><div class=\"aio-icon-header\" ><h3 class=\"aio-icon-title ult-responsive\"  data-ultimate-target='#Info-box-wrap-1762 .aio-icon-title'  data-responsive-json-new='{\"font-size\":\"desktop:16px;\",\"line-height\":\"desktop:18px;\"}'  style=\"color:#ffffff;\">Instagram<\/h3><\/div> <!-- header --><\/div> <!-- aio-icon-box --><\/a><\/div> <!-- aio-icon-component -->[\/vc_column_inner][vc_column_inner width=\u00bb1\/3&#8243;]<div class=\"aio-icon-component  vc_custom_1545929297686   style_2\"><a class=\"aio-icon-box-link\" href=\"https:\/\/www.youtube.com\/channel\/UCPUh1gGlHUqI7bEjqWWUkaQ\" target=\"_blank\" rel=\"noopener\" ><div id=\"Info-box-wrap-8035\" class=\"aio-icon-box top-icon\" style=\"\"  ><div class=\"aio-icon-top\"><div class=\"ult-just-icon-wrapper  \"><div class=\"align-icon\" style=\"text-align:center;\">\n<div class=\"aio-icon advanced \"  style=\"color:#ffffff;background:rgba(0,0,0,0.01);border-style:solid;border-color:#ffffff;border-width:3px;width:70px;height:70px;line-height:70px;border-radius:500px;font-size:32px;display:inline-block;\">\n\t<i class=\"Defaults-youtube\"><\/i>\n<\/div><\/div><\/div><\/div><div class=\"aio-icon-header\" ><h3 class=\"aio-icon-title ult-responsive\"  data-ultimate-target='#Info-box-wrap-8035 .aio-icon-title'  data-responsive-json-new='{\"font-size\":\"desktop:16px;\",\"line-height\":\"desktop:18px;\"}'  style=\"color:#ffffff;\">Youtube<\/h3><\/div> <!-- header --><\/div> <!-- aio-icon-box --><\/a><\/div> <!-- aio-icon-component -->[\/vc_column_inner][\/vc_row_inner][\/vc_column][\/vc_row]<\/p>\n","protected":false},"excerpt":{"rendered":"<p>[vc_row type=\u00bbvc_default\u00bb margin_top=\u00bb10&#8243; margin_bottom=\u00bb25&#8243; css=\u00bb.vc_custom_1490529743633{padding-top: 70px !important;padding-bottom: 20px !important;}\u00bb][vc_column offset=\u00bbvc_col-lg-6 vc_col-md-6&#8243; css=\u00bb.vc_custom_1490527448702{padding-bottom: 50px !important;}\u00bb][vc_column_text] Por iniciativa de los doctores: Constanza Bastidas &#8211; Anestesi\u00f3loga y Jos\u00e9 Guillermo Rodr\u00edguez Rosas \u2013 Cirujano Pl\u00e1stico, surge la idea de fundar en San Juan de Pasto una cl\u00ednica dedicada a la prestaci\u00f3n de servicios de salud en la rama de&hellip;<\/p>\n","protected":false},"author":1,"featured_media":0,"parent":0,"menu_order":100,"comment_status":"closed","ping_status":"closed","template":"","meta":[],"_links":{"self":[{"href":"https:\/\/www.clinicalspa.com.co\/index.php\/wp-json\/wp\/v2\/pages\/5"}],"collection":[{"href":"https:\/\/www.clinicalspa.com.co\/index.php\/wp-json\/wp\/v2\/pages"}],"about":[{"href":"https:\/\/www.clinicalspa.com.co\/index.php\/wp-json\/wp\/v2\/types\/page"}],"author":[{"embeddable":true,"href":"https:\/\/www.clinicalspa.com.co\/index.php\/wp-json\/wp\/v2\/users\/1"}],"replies":[{"embeddable":true,"href":"https:\/\/www.clinicalspa.com.co\/index.php\/wp-json\/wp\/v2\/comments?post=5"}],"version-history":[{"count":25,"href":"https:\/\/www.clinicalspa.com.co\/index.php\/wp-json\/wp\/v2\/pages\/5\/revisions"}],"predecessor-version":[{"id":2428,"href":"https:\/\/www.clinicalspa.com.co\/index.php\/wp-json\/wp\/v2\/pages\/5\/revisions\/2428"}],"wp:attachment":[{"href":"https:\/\/www.clinicalspa.com.co\/index.php\/wp-json\/wp\/v2\/media?parent=5"}],"curies":[{"name":"wp","href":"https:\/\/api.w.org\/{rel}","templated":true}]}}