{"id":2610,"date":"2021-03-04T01:35:19","date_gmt":"2021-03-04T01:35:19","guid":{"rendered":"https:\/\/www.clinicalspa.com.co\/?page_id=2610"},"modified":"2026-02-17T23:01:54","modified_gmt":"2026-02-17T23:01:54","slug":"asociacion-de-usuarios-2","status":"publish","type":"page","link":"https:\/\/www.clinicalspa.com.co\/index.php\/sobre-clinicalspa\/asociacion-de-usuarios-2\/","title":{"rendered":"Asociaci\u00f3n de Usuarios"},"content":{"rendered":"<p>[vc_row full_width=\u00bbstretch_row_content\u00bb][vc_column css=\u00bb.vc_custom_1697062509582{background-color: #e2dce2 !important;}\u00bb][vc_column_text css_animation=\u00bbtada\u00bb css=\u00bb.vc_custom_1771369309521{background-color: #ffffff !important;}\u00bb]<img loading=\"lazy\" class=\"alignnone size-large wp-image-4908\" src=\"https:\/\/www.clinicalspa.com.co\/wp-content\/uploads\/2026\/02\/ASOCIACION-1024x576.jpg\" alt=\"\" width=\"1024\" height=\"576\" srcset=\"https:\/\/www.clinicalspa.com.co\/wp-content\/uploads\/2026\/02\/ASOCIACION-1024x576.jpg 1024w, https:\/\/www.clinicalspa.com.co\/wp-content\/uploads\/2026\/02\/ASOCIACION-300x169.jpg 300w, https:\/\/www.clinicalspa.com.co\/wp-content\/uploads\/2026\/02\/ASOCIACION-768x432.jpg 768w, https:\/\/www.clinicalspa.com.co\/wp-content\/uploads\/2026\/02\/ASOCIACION-1536x864.jpg 1536w, https:\/\/www.clinicalspa.com.co\/wp-content\/uploads\/2026\/02\/ASOCIACION.jpg 1920w\" sizes=\"(max-width: 1024px) 100vw, 1024px\" \/><\/p>\n<p>&nbsp;<\/p>\n<p>&nbsp;<\/p>\n<p style=\"text-align: left;\">Es una agrupaci\u00f3n de afiliados del r\u00e9gimen contributivo y subsidiado, del sistema general de seguridad social en salud,\u00a0 que tienen derecho a utilizar unos servicios de salud , de acuerdo con su sistema de afiliaci\u00f3n, que velaran por la calidad del servicio y la defensa del usuario.<\/p>\n<h2><strong>Asociaci\u00f3n usuarios Clinical Spa<\/strong><\/h2>\n<p>Clinical Spa est\u00e1 comprometida con el fortalecimiento de la capacidad negociadora, la protecci\u00f3n de los derechos de los usuarios y la participaci\u00f3n comunitaria de los afiliados al Sistema General de Seguridad Social en Salud.<\/p>\n<h2><strong>Quienes la integran y como hacer parte?<\/strong><\/h2>\n<p>Oscar Josa-presidente<\/p>\n<p>Armando Mart\u00ednez-Vicepresidente<\/p>\n<p>Lizeth Gabriela Guzm\u00e1n-Secretaria<\/p>\n<p>Gloria Isabel Mavisoy-Vocal<\/p>\n<h3><strong>Vigencia octubre 2025<\/strong><\/h3>\n<p>Para hacer parte de la Asociaci\u00f3n de usuarios debe enviar su solicitud por cualquiera de estos medios, solicitudes que ser\u00e1n re direccionadas al representante \u00a0de la Asociaci\u00f3n de usuarios:<\/p>\n<p style=\"text-align: left;\">En f\u00edsico dirigido a la Jefe de Atenci\u00f3n al usuario a la Cra 41 No. 17 a 95 Barrio el Dorado.<\/p>\n<p style=\"text-align: left;\">Envi\u00f3 de su solicitud por correo electr\u00f3nico a: <a href=\"mailto:info@clinicalspa.com.co\">info@clinicalspa.com.co<\/a> Su solicitud ser\u00e1 resuelta dentro de los 15 d\u00edas h\u00e1biles siguientes a la fecha de recibo.<\/p>\n<p>[\/vc_column_text][vc_separator][\/vc_column][vc_column][\/vc_column][vc_column][\/vc_column][vc_column][\/vc_column][\/vc_row][vc_section][\/vc_section]<\/p>\n","protected":false},"excerpt":{"rendered":"<p>[vc_row full_width=\u00bbstretch_row_content\u00bb][vc_column css=\u00bb.vc_custom_1697062509582{background-color: #e2dce2 !important;}\u00bb][vc_column_text css_animation=\u00bbtada\u00bb css=\u00bb.vc_custom_1771369309521{background-color: #ffffff !important;}\u00bb] &nbsp; &nbsp; Es una agrupaci\u00f3n de afiliados del r\u00e9gimen contributivo y subsidiado, del sistema general de seguridad social en salud,\u00a0 que tienen derecho a utilizar unos servicios de salud , de acuerdo con su sistema de afiliaci\u00f3n, que velaran por la calidad del servicio y la&hellip;<\/p>\n","protected":false},"author":1,"featured_media":0,"parent":5,"menu_order":4,"comment_status":"closed","ping_status":"closed","template":"","meta":[],"_links":{"self":[{"href":"https:\/\/www.clinicalspa.com.co\/index.php\/wp-json\/wp\/v2\/pages\/2610"}],"collection":[{"href":"https:\/\/www.clinicalspa.com.co\/index.php\/wp-json\/wp\/v2\/pages"}],"about":[{"href":"https:\/\/www.clinicalspa.com.co\/index.php\/wp-json\/wp\/v2\/types\/page"}],"author":[{"embeddable":true,"href":"https:\/\/www.clinicalspa.com.co\/index.php\/wp-json\/wp\/v2\/users\/1"}],"replies":[{"embeddable":true,"href":"https:\/\/www.clinicalspa.com.co\/index.php\/wp-json\/wp\/v2\/comments?post=2610"}],"version-history":[{"count":28,"href":"https:\/\/www.clinicalspa.com.co\/index.php\/wp-json\/wp\/v2\/pages\/2610\/revisions"}],"predecessor-version":[{"id":4910,"href":"https:\/\/www.clinicalspa.com.co\/index.php\/wp-json\/wp\/v2\/pages\/2610\/revisions\/4910"}],"up":[{"embeddable":true,"href":"https:\/\/www.clinicalspa.com.co\/index.php\/wp-json\/wp\/v2\/pages\/5"}],"wp:attachment":[{"href":"https:\/\/www.clinicalspa.com.co\/index.php\/wp-json\/wp\/v2\/media?parent=2610"}],"curies":[{"name":"wp","href":"https:\/\/api.w.org\/{rel}","templated":true}]}}