{"id":1395,"date":"2016-01-29T10:16:43","date_gmt":"2016-01-29T10:16:43","guid":{"rendered":"https:\/\/the7.io\/beauty-studio\/?page_id=15"},"modified":"2018-12-27T21:40:17","modified_gmt":"2018-12-27T21:40:17","slug":"equipo","status":"publish","type":"page","link":"https:\/\/www.clinicalspa.com.co\/index.php\/sobre-clinicalspa\/equipo\/","title":{"rendered":"Conozca a Nuestro Equipo"},"content":{"rendered":"<p>[vc_row css=\u00bb.vc_custom_1518633433875{padding-top: 70px !important;padding-bottom: 70px !important;}\u00bb][vc_column]<style type=\"text\/css\" data-type=\"the7_shortcodes-inline-css\">.dt-team-shortcode.team-masonry-shortcode-id-c150dce4d36b9c9a400580200f29dc1b.content-bg-on .team-container {\n  background: #ffffff;\n  -webkit-box-shadow: none;\n  box-shadow: none;\n}\n.dt-team-shortcode.team-masonry-shortcode-id-c150dce4d36b9c9a400580200f29dc1b .team-desc {\n  padding: 25px 30px 20px 30px;\n}\n.dt-team-shortcode.team-masonry-shortcode-id-c150dce4d36b9c9a400580200f29dc1b .team-author-name,\n.dt-team-shortcode.team-masonry-shortcode-id-c150dce4d36b9c9a400580200f29dc1b .team-author-name a {\n  margin-bottom: 0px;\n  font-style: ;\n  font-weight: bold;\n  text-transform: ;\n}\n.dt-team-shortcode.team-masonry-shortcode-id-c150dce4d36b9c9a400580200f29dc1b .team-author p {\n  margin-bottom: 0px;\n  font-style: ;\n  font-weight: ;\n  text-transform: ;\n}\n.dt-team-shortcode.team-masonry-shortcode-id-c150dce4d36b9c9a400580200f29dc1b  .team-media {\n  padding: 20px 20px 0px 20px;\n}\n.dt-team-shortcode.team-masonry-shortcode-id-c150dce4d36b9c9a400580200f29dc1b .dt-css-grid .team-media img {\n  max-width: 100%;\n}\n.dt-team-shortcode.team-masonry-shortcode-id-c150dce4d36b9c9a400580200f29dc1b .team-content {\n  margin-bottom: 0px;\n  font-style: ;\n  font-weight: ;\n  text-transform: ;\n}\n.dt-team-shortcode.team-masonry-shortcode-id-c150dce4d36b9c9a400580200f29dc1b  .team-media,\n.dt-team-shortcode.team-masonry-shortcode-id-c150dce4d36b9c9a400580200f29dc1b  .team-media a.rollover,\n.dt-team-shortcode.team-masonry-shortcode-id-c150dce4d36b9c9a400580200f29dc1b  .team-media a.rollover *,\n.dt-team-shortcode.team-masonry-shortcode-id-c150dce4d36b9c9a400580200f29dc1b  .team-media img {\n  border-radius: 0px;\n}\n.dt-team-shortcode.team-masonry-shortcode-id-c150dce4d36b9c9a400580200f29dc1b .soc-ico {\n  margin-bottom: 15px;\n}\n.dt-team-shortcode.team-masonry-shortcode-id-c150dce4d36b9c9a400580200f29dc1b .soc-ico a {\n  min-width: 26px;\n  min-height: 26px;\n  font-size: 16px;\n  border-radius: 100px;\n}\n.dt-team-shortcode.team-masonry-shortcode-id-c150dce4d36b9c9a400580200f29dc1b .soc-ico a:not(:last-child) {\n  margin-right: 4px;\n}\n.dt-team-shortcode.team-masonry-shortcode-id-c150dce4d36b9c9a400580200f29dc1b .soc-ico a:before,\n.dt-team-shortcode.team-masonry-shortcode-id-c150dce4d36b9c9a400580200f29dc1b .soc-ico a:after {\n  min-width: 26px;\n  min-height: 26px;\n  padding: inherit;\n}\n.dt-team-shortcode.team-masonry-shortcode-id-c150dce4d36b9c9a400580200f29dc1b .soc-ico a:before {\n  border: 0px solid ;\n}\n.content .dt-team-shortcode.team-masonry-shortcode-id-c150dce4d36b9c9a400580200f29dc1b .soc-ico a:after {\n  border: 0px solid ;\n}\n.dt-team-shortcode.team-masonry-shortcode-id-c150dce4d36b9c9a400580200f29dc1b .soc-ico a:hover {\n  font-size: 16px;\n}\n#page .dt-team-shortcode.team-masonry-shortcode-id-c150dce4d36b9c9a400580200f29dc1b .soc-ico a:hover .soc-font-icon {\n  color: rgba(255,255,255,0.75);\n  background: none;\n}\n#page .dt-team-shortcode.team-masonry-shortcode-id-c150dce4d36b9c9a400580200f29dc1b .soc-ico a:not(:hover) .soc-font-icon {\n  color: #ffffff;\n  background: none;\n}\n.dt-team-shortcode.team-masonry-shortcode-id-c150dce4d36b9c9a400580200f29dc1b .soc-ico a .soc-font-icon {\n  font-size: 16px;\n}\n.dt-team-shortcode.team-masonry-shortcode-id-c150dce4d36b9c9a400580200f29dc1b .filter a,\n.dt-team-shortcode.team-masonry-shortcode-id-c150dce4d36b9c9a400580200f29dc1b .filter a * {\n  color: ;\n}\n.dt-team-shortcode.team-masonry-shortcode-id-c150dce4d36b9c9a400580200f29dc1b .filter-bg-decoration .filter-categories a.act {\n  color: #fff;\n}\n.dt-team-shortcode.team-masonry-shortcode-id-c150dce4d36b9c9a400580200f29dc1b .paginator a,\n.dt-team-shortcode.team-masonry-shortcode-id-c150dce4d36b9c9a400580200f29dc1b .paginator a * {\n  color: ;\n}\n.dt-team-shortcode.team-masonry-shortcode-id-c150dce4d36b9c9a400580200f29dc1b:not(.resize-by-browser-width) .dt-css-grid {\n  grid-row-gap: 30px;\n  grid-column-gap: 30px;\n  grid-template-columns: repeat(auto-fill,minmax(,1fr));\n}\n.cssgridlegacy.no-cssgrid .dt-team-shortcode.team-masonry-shortcode-id-c150dce4d36b9c9a400580200f29dc1b:not(.resize-by-browser-width) .dt-css-grid,\n.no-cssgridlegacy.no-cssgrid .dt-team-shortcode.team-masonry-shortcode-id-c150dce4d36b9c9a400580200f29dc1b:not(.resize-by-browser-width) .dt-css-grid {\n  display: flex;\n  flex-flow: row wrap;\n  margin: -15px;\n}\n.cssgridlegacy.no-cssgrid .dt-team-shortcode.team-masonry-shortcode-id-c150dce4d36b9c9a400580200f29dc1b:not(.resize-by-browser-width) .dt-css-grid .wf-cell,\n.no-cssgridlegacy.no-cssgrid .dt-team-shortcode.team-masonry-shortcode-id-c150dce4d36b9c9a400580200f29dc1b:not(.resize-by-browser-width) .dt-css-grid .wf-cell {\n  flex: 1 0 ;\n  min-width: ;\n  max-width: 100%;\n  padding: 15px;\n  box-sizing: border-box;\n}\n.dt-team-shortcode.team-masonry-shortcode-id-c150dce4d36b9c9a400580200f29dc1b.resize-by-browser-width .dt-css-grid {\n  grid-template-columns: repeat(2,1fr);\n  grid-template-rows: auto;\n  grid-column-gap: 30px;\n  grid-row-gap: 30px;\n}\n.cssgridlegacy.no-cssgrid .dt-team-shortcode.team-masonry-shortcode-id-c150dce4d36b9c9a400580200f29dc1b.resize-by-browser-width .dt-css-grid,\n.no-cssgridlegacy.no-cssgrid .dt-team-shortcode.team-masonry-shortcode-id-c150dce4d36b9c9a400580200f29dc1b.resize-by-browser-width .dt-css-grid {\n  margin: -15px;\n}\n.cssgridlegacy.no-cssgrid .dt-team-shortcode.team-masonry-shortcode-id-c150dce4d36b9c9a400580200f29dc1b.resize-by-browser-width .dt-css-grid .wf-cell,\n.no-cssgridlegacy.no-cssgrid .dt-team-shortcode.team-masonry-shortcode-id-c150dce4d36b9c9a400580200f29dc1b.resize-by-browser-width .dt-css-grid .wf-cell {\n  width: 50%;\n  padding: 15px;\n}\n@media screen and (max-width: 1199px) {\n  .dt-team-shortcode.team-masonry-shortcode-id-c150dce4d36b9c9a400580200f29dc1b.resize-by-browser-width .dt-css-grid {\n    grid-template-columns: repeat(2,1fr);\n  }\n  .cssgridlegacy.no-cssgrid .dt-team-shortcode.team-masonry-shortcode-id-c150dce4d36b9c9a400580200f29dc1b.resize-by-browser-width .dt-css-grid .wf-cell,\n  .no-cssgridlegacy.no-cssgrid .dt-team-shortcode.team-masonry-shortcode-id-c150dce4d36b9c9a400580200f29dc1b.resize-by-browser-width .dt-css-grid .wf-cell {\n    width: 50%;\n  }\n}\n@media screen and (max-width: 991px) {\n  .dt-team-shortcode.team-masonry-shortcode-id-c150dce4d36b9c9a400580200f29dc1b.resize-by-browser-width .dt-css-grid {\n    grid-template-columns: repeat(2,1fr);\n  }\n  .cssgridlegacy.no-cssgrid .dt-team-shortcode.team-masonry-shortcode-id-c150dce4d36b9c9a400580200f29dc1b.resize-by-browser-width .dt-css-grid .wf-cell,\n  .no-cssgridlegacy.no-cssgrid .dt-team-shortcode.team-masonry-shortcode-id-c150dce4d36b9c9a400580200f29dc1b.resize-by-browser-width .dt-css-grid .wf-cell {\n    width: 50%;\n  }\n}\n@media screen and (max-width: 767px) {\n  .dt-team-shortcode.team-masonry-shortcode-id-c150dce4d36b9c9a400580200f29dc1b.resize-by-browser-width .dt-css-grid {\n    grid-template-columns: repeat(1,1fr);\n  }\n  .cssgridlegacy.no-cssgrid .dt-team-shortcode.team-masonry-shortcode-id-c150dce4d36b9c9a400580200f29dc1b.resize-by-browser-width .dt-css-grid .wf-cell,\n  .no-cssgridlegacy.no-cssgrid .dt-team-shortcode.team-masonry-shortcode-id-c150dce4d36b9c9a400580200f29dc1b.resize-by-browser-width .dt-css-grid .wf-cell {\n    width: 100%;\n  }\n}\n<\/style><div class=\"dt-team-masonry-shortcode dt-team-shortcode team-masonry-shortcode-id-c150dce4d36b9c9a400580200f29dc1b loading-effect-none mode-grid jquery-filter content-align-center content-bg-on dt-css-grid-wrap scale-img dt-css-grid-wrap dt-icon-bg-on dt-icon-hover-bg-on move-icons-under-position resize-by-browser-width  \" data-padding=\"15px\" data-cur-page=\"1\" data-post-limit=\"-1\" data-pagination-mode=\"none\" data-desktop-columns-num=\"2\" data-v-tablet-columns-num=\"2\" data-h-tablet-columns-num=\"2\" data-phone-columns-num=\"1\" data-width=\"0px\" data-columns=\"0\"><div class=\"dt-css-grid\" ><div class=\"wf-cell\" data-post-id=\"1387\" data-date=\"2018-02-14T16:09:06+00:00\" data-name=\"Dr. Jos\u00e9 Guillermo Rodr\u00edguez Rosas\"><div class=\"team-container visible post post-1387 dt_team type-dt_team status-publish has-post-thumbnail hentry dt_team_category-especialistas dt_team_category-31\"><div class=\"team-media\"><a href=\"https:\/\/www.clinicalspa.com.co\/index.php\/equipo\/doctor-guillermo-rodriguez\/\" class=\"rollover layzr-bg\"><img class=\"iso-lazy-load preload-me\" src=\"data:image\/svg+xml,%3Csvg%20xmlns%3D&#39;http%3A%2F%2Fwww.w3.org%2F2000%2Fsvg&#39;%20viewBox%3D&#39;0%200%20250%20320&#39;%2F%3E\" data-src=\"https:\/\/www.clinicalspa.com.co\/wp-content\/uploads\/2018\/02\/dr-guillermo2.jpg\" data-srcset=\"https:\/\/www.clinicalspa.com.co\/wp-content\/uploads\/2018\/02\/dr-guillermo2.jpg 250w\" width=\"250\" height=\"320\"  title=\"dr-guillermo2\" alt=\"\" \/><\/a><\/div><div class=\"team-desc\"><div class=\"team-author\"><div class=\"team-author-name\"><a href=\" https:\/\/www.clinicalspa.com.co\/index.php\/equipo\/doctor-guillermo-rodriguez\/ \">Dr. Jos\u00e9 Guillermo Rodr\u00edguez Rosas<\/a><\/div><p>Cirujano Pl\u00e1stico<\/p><\/div><div class=\"team-content\"><p>M\u00e9dico Cirujano Universidad Nacional de Colombia. Especialista en Cirug\u00eda Pl\u00e1stica y Reconstructiva Universidad Nacional de Colombia.<\/p>\n<\/div><\/div><\/div><\/div><div class=\"wf-cell\" data-post-id=\"1374\" data-date=\"2018-02-14T15:41:51+00:00\" data-name=\"Dra. Mar\u00eda Constanza Bastidas Campa\u00f1a\"><div class=\"team-container visible post post-1374 dt_team type-dt_team status-publish has-post-thumbnail hentry\"><div class=\"team-media\"><a href=\"https:\/\/www.clinicalspa.com.co\/index.php\/equipo\/doctora-maria-bastidas\/\" class=\"rollover layzr-bg\"><img class=\"iso-lazy-load preload-me\" src=\"data:image\/svg+xml,%3Csvg%20xmlns%3D&#39;http%3A%2F%2Fwww.w3.org%2F2000%2Fsvg&#39;%20viewBox%3D&#39;0%200%20250%20320&#39;%2F%3E\" data-src=\"https:\/\/www.clinicalspa.com.co\/wp-content\/uploads\/2018\/02\/dra-constansa-pag-1.jpg\" data-srcset=\"https:\/\/www.clinicalspa.com.co\/wp-content\/uploads\/2018\/02\/dra-constansa-pag-1.jpg 250w\" width=\"250\" height=\"320\"  title=\"dra-constansa-pag\" alt=\"\" \/><\/a><\/div><div class=\"team-desc\"><div class=\"team-author\"><div class=\"team-author-name\"><a href=\" https:\/\/www.clinicalspa.com.co\/index.php\/equipo\/doctora-maria-bastidas\/ \">Dra. Mar\u00eda Constanza Bastidas Campa\u00f1a<\/a><\/div><p>Anestesi\u00f3loga<\/p><\/div><div class=\"team-content\"><p>M\u00e9dico Cirujano Universidad Central del Ecuador. Especialista en Anestesiolog\u00eda Pontificia Universidad Cat\u00f3lica de Chile. Entrenamiento en medicina del dolor Fundaci\u00f3n Santa Fe de Bogot\u00e1.<\/p>\n<\/div><\/div><\/div><\/div><\/div><!-- iso-container|iso-grid --><\/div>[\/vc_column][\/vc_row]<\/p>\n","protected":false},"excerpt":{"rendered":"<p>[vc_row css=\u00bb.vc_custom_1518633433875{padding-top: 70px !important;padding-bottom: 70px !important;}\u00bb][vc_column][\/vc_column][\/vc_row]<\/p>\n","protected":false},"author":1,"featured_media":0,"parent":5,"menu_order":100,"comment_status":"closed","ping_status":"closed","template":"","meta":[],"_links":{"self":[{"href":"https:\/\/www.clinicalspa.com.co\/index.php\/wp-json\/wp\/v2\/pages\/1395"}],"collection":[{"href":"https:\/\/www.clinicalspa.com.co\/index.php\/wp-json\/wp\/v2\/pages"}],"about":[{"href":"https:\/\/www.clinicalspa.com.co\/index.php\/wp-json\/wp\/v2\/types\/page"}],"author":[{"embeddable":true,"href":"https:\/\/www.clinicalspa.com.co\/index.php\/wp-json\/wp\/v2\/users\/1"}],"replies":[{"embeddable":true,"href":"https:\/\/www.clinicalspa.com.co\/index.php\/wp-json\/wp\/v2\/comments?post=1395"}],"version-history":[{"count":7,"href":"https:\/\/www.clinicalspa.com.co\/index.php\/wp-json\/wp\/v2\/pages\/1395\/revisions"}],"predecessor-version":[{"id":1839,"href":"https:\/\/www.clinicalspa.com.co\/index.php\/wp-json\/wp\/v2\/pages\/1395\/revisions\/1839"}],"up":[{"embeddable":true,"href":"https:\/\/www.clinicalspa.com.co\/index.php\/wp-json\/wp\/v2\/pages\/5"}],"wp:attachment":[{"href":"https:\/\/www.clinicalspa.com.co\/index.php\/wp-json\/wp\/v2\/media?parent=1395"}],"curies":[{"name":"wp","href":"https:\/\/api.w.org\/{rel}","templated":true}]}}