{"id":1113,"date":"2017-03-26T14:10:20","date_gmt":"2017-03-26T13:10:20","guid":{"rendered":"https:\/\/the7.io\/beauty-studio\/?page_id=1113"},"modified":"2021-04-06T13:45:50","modified_gmt":"2021-04-06T13:45:50","slug":"calidad","status":"publish","type":"page","link":"https:\/\/www.clinicalspa.com.co\/index.php\/sobre-clinicalspa\/calidad\/","title":{"rendered":"Calidad Clinical Spa"},"content":{"rendered":"<p>[vc_row css=\u00bb.vc_custom_1550269930882{padding-top: 70px !important;padding-bottom: 70px !important;}\u00bb][vc_column width=\u00bb1\/6&#8243;][\/vc_column][vc_column width=\u00bb2\/3&#8243;]<div id=\"ultimate-heading-421069f9ebba80131\" class=\"uvc-heading ult-adjust-bottom-margin ultimate-heading-421069f9ebba80131 uvc-7802 \" data-hspacer=\"no_spacer\"  data-halign=\"center\" style=\"text-align:center\"><div class=\"uvc-heading-spacer no_spacer\" style=\"top\"><\/div><div class=\"uvc-main-heading ult-responsive\"  data-ultimate-target='.uvc-heading.ultimate-heading-421069f9ebba80131 h2'  data-responsive-json-new='{\"font-size\":\"desktop:26px;\",\"line-height\":\"desktop:36px;\"}' ><h2 style=\"font-weight:bold;margin-bottom:30px;\">Pol\u00edtica de calidad<\/h2><\/div><\/div>[vc_column_text]<\/p>\n<p style=\"text-align: justify;\">En CLINICAL SPA estamos comprometidos con el cumplimiento de los requisitos formulados por nuestros clientes para lo cual prestamos servicios de salud y est\u00e9tica con elevadas caracter\u00edsticas de calidad, que permitan alcanzar resultados satisfactorios para los usuarios en cuanto a la recuperaci\u00f3n y\/o el mejoramiento de su apariencia f\u00edsica, su salud y autoestima.<\/p>\n<p style=\"text-align: justify;\">El mejoramiento continuo de la eficacia del sistema de gesti\u00f3n de la calidad y de los servicios que se prestan, hace necesario desarrollar permanentemente las competencias de nuestro recurso humano pues los clientes esperan disfrutar de una experiencia plena en nuestras manos<\/p>\n<p>[\/vc_column_text][\/vc_column][\/vc_row][vc_row full_width=\u00bbstretch_row\u00bb ult_hide_row=\u00bbult_hide_row_value\u00bb ult_hide_row_large_screen=\u00bblarge_screen\u00bb ult_hide_row_desktop=\u00bbdesktop\u00bb ult_hide_row_tablet=\u00bbtablet\u00bb ult_hide_row_tablet_small=\u00bbxs_tablet\u00bb ult_hide_row_mobile=\u00bbmobile\u00bb ult_hide_row_mobile_large=\u00bbxl_mobile\u00bb type=\u00bbvc_default\u00bb margin_top=\u00bb10&#8243; margin_bottom=\u00bb25&#8243; css=\u00bb.vc_custom_1550269882640{padding-top: 70px !important;padding-bottom: 20px !important;background-color: #ffffff !important;}\u00bb][vc_column offset=\u00bbvc_col-lg-6 vc_col-md-6&#8243; css=\u00bb.vc_custom_1490527448702{padding-bottom: 50px !important;}\u00bb]<div id=\"ultimate-heading-265269f9ebba80197\" class=\"uvc-heading ult-adjust-bottom-margin ultimate-heading-265269f9ebba80197 uvc-7290 \" data-hspacer=\"no_spacer\"  data-halign=\"left\" style=\"text-align:left\"><div class=\"uvc-heading-spacer no_spacer\" style=\"top\"><\/div><div class=\"uvc-main-heading ult-responsive\"  data-ultimate-target='.uvc-heading.ultimate-heading-265269f9ebba80197 h2'  data-responsive-json-new='{\"font-size\":\"desktop:26px;\",\"line-height\":\"desktop:36px;\"}' ><h2 style=\"font-weight:bold;margin-bottom:30px;\">Pol\u00edtica de seguridad del Paciente CLINICAL SPA<\/h2><\/div><\/div>[vc_column_text]<\/p>\n<p style=\"text-align: justify;\">En CLINICAL SPA, nos comprometemos a establecer los m\u00e9todos y proporcionar los recursos y la estructura necesaria para contar con un entorno seguro para nuestros pacientes. La organizaci\u00f3n propende por el desarrollo de una cultura de calidad y seguridad del paciente, basada en un actuar justo, educativo, no punitivo pero responsable, que impacte decididamente en la reducci\u00f3n de la incidencia de incidentes y eventos adversos y en la mitigaci\u00f3n de sus consecuencias. La creaci\u00f3n de un entorno seguro nos obliga a que nuestro personal se mantenga capacitado en todos los aspectos correspondientes a la gesti\u00f3n de la seguridad del paciente y a que la cultura del reporte y la investigaci\u00f3n de los eventos sean parte integrante de nuestros procesos de atenci\u00f3n en salud.<\/p>\n<p>[\/vc_column_text][\/vc_column][vc_column offset=\u00bbvc_col-lg-6 vc_col-md-6&#8243; css=\u00bb.vc_custom_1490529739903{padding-bottom: 50px !important;}\u00bb]<div id=\"ultimate-heading-327769f9ebba801b7\" class=\"uvc-heading ult-adjust-bottom-margin ultimate-heading-327769f9ebba801b7 uvc-315 \" data-hspacer=\"no_spacer\"  data-halign=\"left\" style=\"text-align:left\"><div class=\"uvc-heading-spacer no_spacer\" style=\"top\"><\/div><div class=\"uvc-main-heading ult-responsive\"  data-ultimate-target='.uvc-heading.ultimate-heading-327769f9ebba801b7 h2'  data-responsive-json-new='{\"font-size\":\"desktop:26px;\",\"line-height\":\"desktop:36px;\"}' ><h2 style=\"font-weight:bold;margin-bottom:30px;\">Fortalecimiento de la Cultura de Seguridad del Paciente en la Instituci\u00f3n<\/h2><\/div><\/div>[vc_column_text]<\/p>\n<p style=\"text-align: justify;\">CLINICAL SPA promueve una cultura organizacional orientada hacia la seguridad del paciente, para ello a partir de su despliegue estrat\u00e9gico ha formulado valores como el respeto y la responsabilidad, que son la base del comportamiento \u00e9tico en la instituci\u00f3n y un pilar fundamental para vincular a todo el equipo de trabajo en la seguridad de nuestros pacientes. La organizaci\u00f3n busca el desarrollo de actitudes, competencias y patrones de comportamiento orientados a la reducci\u00f3n de los eventos adversos e incidentes, as\u00ed como a la mitigaci\u00f3n de sus consecuencias, para ello involucra en sus planes anuales de formaci\u00f3n actividades de capacitaci\u00f3n orientadas a la gesti\u00f3n de la seguridad del paciente<\/p>\n<p>[\/vc_column_text][\/vc_column][\/vc_row][vc_row css=\u00bb.vc_custom_1550269930882{padding-top: 70px !important;padding-bottom: 70px !important;}\u00bb][vc_column width=\u00bb1\/2&#8243;]<div id=\"ultimate-heading-109669f9ebba801d2\" class=\"uvc-heading ult-adjust-bottom-margin ultimate-heading-109669f9ebba801d2 uvc-6257 \" data-hspacer=\"no_spacer\"  data-halign=\"center\" style=\"text-align:center\"><div class=\"uvc-heading-spacer no_spacer\" style=\"top\"><\/div><div class=\"uvc-main-heading ult-responsive\"  data-ultimate-target='.uvc-heading.ultimate-heading-109669f9ebba801d2 h2'  data-responsive-json-new='{\"font-size\":\"desktop:26px;\",\"line-height\":\"desktop:36px;\"}' ><h2 style=\"font-weight:bold;margin-bottom:30px;\">Pol\u00edtica de Humanizaci\u00f3n de Servicios en Salud y Trato Digno<\/h2><\/div><\/div>[vc_column_text]<\/p>\n<p style=\"text-align: justify;\">CLINICAL SPA LTDA se compromete a orientar al personal en brindar un trato humano cort\u00e9s y c\u00e1lido, respetando la privacidad y dignidad del cliente interno, del usuario y su familia, consider\u00e1ndolos como seres humanos en su dimensi\u00f3n f\u00edsica, emocional, espiritual e intelectual, para garantizar la calidad en la prestaci\u00f3n de los servicios y la satisfacci\u00f3n de los usuarios.<\/p>\n<p>[\/vc_column_text][\/vc_column][vc_column width=\u00bb1\/2&#8243;]<div id=\"ultimate-heading-154069f9ebba801f1\" class=\"uvc-heading ult-adjust-bottom-margin ultimate-heading-154069f9ebba801f1 uvc-2069 \" data-hspacer=\"no_spacer\"  data-halign=\"center\" style=\"text-align:center\"><div class=\"uvc-heading-spacer no_spacer\" style=\"top\"><\/div><div class=\"uvc-main-heading ult-responsive\"  data-ultimate-target='.uvc-heading.ultimate-heading-154069f9ebba801f1 h2'  data-responsive-json-new='{\"font-size\":\"desktop:26px;\",\"line-height\":\"desktop:36px;\"}' ><h2 style=\"font-weight:bold;margin-bottom:60px;\">Pol\u00edtica de Participaci\u00f3n Social en Salud<\/h2><\/div><\/div>[vc_column_text]<\/p>\n<p style=\"text-align: justify;\">El Ministerio de Salud y Protecci\u00f3n Social a trav\u00e9s de la Resoluci\u00f3n 2063 de 2017 adopta la Pol\u00edtica de Participaci\u00f3n en Salud, que tiene como objetivo la intervenci\u00f3n de la comunidad en la organizaci\u00f3n, control, gesti\u00f3n y fiscalizaci\u00f3n de las instituciones del sistema de salud en conjunto.<\/p>\n<p style=\"text-align: justify;\">Busca dar respuestas a las problem\u00e1ticas, necesidades, dificultades, oportunidades, limitaciones y debilidades que afectan la participaci\u00f3n social en salud, en la perspectiva de dar cumplimiento al marco legal vigente y, por ende, a la realizaci\u00f3n del derecho humano de la participaci\u00f3n que se encuentra vinculado bajo una l\u00f3gica de interdependencia con el derecho a la salud.<\/p>\n<p><strong>Cu\u00e1les son las responsabilidades de\u00a0 IPS respecto a la PPSS<\/strong><\/p>\n<ul>\n<li style=\"text-align: left;\">Socializaci\u00f3n de la Pol\u00edtica de Participaci\u00f3n Social.<\/li>\n<li style=\"text-align: left;\">Apoyo y acompa\u00f1amiento a todas las instancias y espacios de participaci\u00f3n<\/li>\n<li style=\"text-align: left;\">Respetar, promover y proteger el derecho a la participaci\u00f3n.<\/li>\n<li style=\"text-align: left;\">Garant\u00eda de derechos y oportunidades para todos los usuarios- ciudadan\u00eda.<\/li>\n<li style=\"text-align: left;\">Operaci\u00f3n de las estrategias de gesti\u00f3n, comunicaci\u00f3n y educaci\u00f3n para el cumplimiento del marco estrat\u00e9gico y las l\u00edneas de acci\u00f3n de acuerdo a su competencia.<\/li>\n<li style=\"text-align: left;\">Gestionar recursos para los procesos de participaci\u00f3n.<\/li>\n<\/ul>\n<p><strong>Estrategias<\/strong><\/p>\n<p style=\"text-align: left;\">Fortalecimiento Institucional<\/p>\n<ul style=\"text-align: left;\">\n<li>Empoderamiento de la ciudadan\u00eda y las organizaciones sociales en salud<\/li>\n<li>Impulsar la cultura de la salud<\/li>\n<\/ul>\n<p>[\/vc_column_text][\/vc_column][\/vc_row][vc_row full_width=\u00bbstretch_row\u00bb gap=\u00bb35&#8243; ult_hide_row=\u00bbult_hide_row_value\u00bb ult_hide_row_large_screen=\u00bblarge_screen\u00bb ult_hide_row_desktop=\u00bbdesktop\u00bb ult_hide_row_tablet=\u00bbtablet\u00bb ult_hide_row_tablet_small=\u00bbxs_tablet\u00bb ult_hide_row_mobile=\u00bbmobile\u00bb ult_hide_row_mobile_large=\u00bbxl_mobile\u00bb type=\u00bbvc_default\u00bb margin_top=\u00bb10&#8243; margin_bottom=\u00bb25&#8243; css=\u00bb.vc_custom_1550270220074{padding-top: 70px !important;padding-bottom: 50px !important;background-color: #ffffff !important;}\u00bb][vc_column offset=\u00bbvc_col-lg-6 vc_col-md-6&#8243; css=\u00bb.vc_custom_1490527448702{padding-bottom: 50px !important;}\u00bb]<div id=\"ultimate-heading-450369f9ebba8020f\" class=\"uvc-heading ult-adjust-bottom-margin ultimate-heading-450369f9ebba8020f uvc-1414 \" data-hspacer=\"no_spacer\"  data-halign=\"center\" style=\"text-align:center\"><div class=\"uvc-heading-spacer no_spacer\" style=\"top\"><\/div><div class=\"uvc-main-heading ult-responsive\"  data-ultimate-target='.uvc-heading.ultimate-heading-450369f9ebba8020f h2'  data-responsive-json-new='{\"font-size\":\"desktop:26px;\",\"line-height\":\"desktop:36px;\"}' ><h2 style=\"font-weight:bold;margin-bottom:30px;\">DERECHOS DE LOS PACIENTES<\/h2><\/div><div class=\"uvc-sub-heading ult-responsive\"  data-ultimate-target='.uvc-heading.ultimate-heading-450369f9ebba8020f .uvc-sub-heading '  data-responsive-json-new='{\"font-size\":\"\",\"line-height\":\"\"}'  style=\"font-weight:normal;\"><\/p>\n<p style=\"font-weight: 400;\">Es el conjunto de compromisos de la Cl\u00ednica con el paciente, su salud y su familia, Por ello tendr\u00e1n derecho a:<\/p>\n<p><\/div><\/div><div class=\"ult-spacer spacer-69f9ebba80231\" data-id=\"69f9ebba80231\" data-height=\"25\" data-height-mobile=\"25\" data-height-tab=\"25\" data-height-tab-portrait=\"\" data-height-mobile-landscape=\"\" style=\"clear:both;display:block;\"><\/div><div class=\"standard-number-list list-divider\"><ol>\n<li style=\"text-align: justify;\"><strong>ELEGIR LIBREMENTE A SU M\u00c9DICO Y A LOS PROFESIONALES DE SALUD:<\/strong>\u00a0Todos los pacientes tienen derecho a elegir libremente al m\u00e9dico para\u00a0 que le preste la atenci\u00f3n requerida, considerando los recursos disponibles de la instituci\u00f3n y la programaci\u00f3n de la atenci\u00f3n.<\/li>\n<li style=\"text-align: justify;\"><strong>RECIBIR INFORMACI\u00d3N COMPLETA Y CLARA DE SU M\u00c9DICO:<\/strong>\u00a0La informaci\u00f3n deber\u00e1 ser de forma clara y oportuna durante el proceso de atenci\u00f3n y\/o cuando lo solicite.<\/li>\n<li style=\"text-align: justify;\"><strong>RECIBIR UN TRATO DIGNO:<\/strong>\u00a0En el cual sea\u00a0 identificado por su nombre, respetando sus creencias, costumbres, intimidad y opiniones personales, independientemente de su sexo, edad, religi\u00f3n, grupo \u00e9tnico, preferencias sexuales o estado cl\u00ednico, sin ser discriminado por su enfermedad o cualquier otra condici\u00f3n.<\/li>\n<li style=\"text-align: justify;\"><strong>CONFIDENCIALIDAD DE SU HISTORIA CL\u00cdNICA<\/strong>:\u00a0La historia cl\u00ednica del paciente ser\u00e1 manejada de forma reservada y solo con su autorizaci\u00f3n, no podr\u00e1n ser conocida por terceros garantizando as\u00ed \u00a0la custodia y conservaci\u00f3n de los mismos de acuerdo a la normatividad vigente.<\/li>\n<li style=\"text-align: justify;\"><strong>RECIBIR LA MEJOR ASISTENCIA M\u00c9DICA DISPONIBLE<\/strong>:\u00a0El paciente tiene derecho a recibir la mejor asistencia m\u00e9dica en donde se promueva la calidad y comodidad.<\/li>\n<li style=\"text-align: justify;\"><strong>REVISAR Y RECIBIR EXPLICACIONES ACERCA DE LOS COSTOS POR LOS SERVICIOS OBTENIDOS:<\/strong>\u00a0El paciente tiene derecho a que le explique quien cobra el servicio el costo de aquel, los cuales en los casos de urgencia vital, no estar\u00e1n condicionados a la realizaci\u00f3n de pagos anticipados.<\/li>\n<li style=\"text-align: justify;\"><strong>RECIBIR O REHUSAR APOYO ESPIRITUAL O MORAL CUALQUIERA QUE SEA EL CULTO RELIGIOSO QUE PROFESE<\/strong>:\u00a0El paciente tiene derecho a que el personal de atenci\u00f3n m\u00e9dica le brinde apoyo moral en cualquier situaci\u00f3n o tambi\u00e9n tiene derecho a rechazarlo.<\/li>\n<li style=\"text-align: justify;\"><strong>PARTICIPAR O NO EN INVESTIGACIONES CIENT\u00cdFICAS<\/strong>: El paciente tiene el derecho a participar en investigaciones cient\u00edficas, si tiene la disposici\u00f3n de hacerlo debe dar su consentimiento pues es esencial para poder participar en un proyecto, as\u00ed mismo la persona implicada debe tener capacidad legal para dar su consentimiento libremente sin encontrarse sometida a alg\u00fan elemento de fuerza, fraude, enga\u00f1o o alg\u00fan otro factor para lo cual debe tener suficiente conocimiento y comprensi\u00f3n de la investigaci\u00f3n en sus distintos aspectos, para que pueda tomar una decisi\u00f3n consciente.<\/li>\n<li style=\"text-align: justify;\"><strong>ACEPTAR O REHUSAR LA DONACI\u00d3N DE SUS \u00d3RGANOS<\/strong>:\u00a0El paciente tiene derecho a aceptar o rehusar la donaci\u00f3n de sus \u00f3rganos\u00a0 para que \u00e9stos sean trasplantados a otros pacientes.<\/li>\n<li style=\"text-align: justify;\"><strong>MORIR DIGNAMENTE:<\/strong>\u00a0Es derecho del paciente\u00a0morir dignamente\u00a0pues se le brinda la oportunidad de tener una muerte asistida y sin dolor, designada para pacientes en estados avanzados de enfermedades.<\/li>\n<\/ol>\n<\/div>[\/vc_column][vc_column offset=\u00bbvc_col-lg-6 vc_col-md-6&#8243; css=\u00bb.vc_custom_1490529739903{padding-bottom: 50px !important;}\u00bb]<div id=\"ultimate-heading-230669f9ebba80337\" class=\"uvc-heading ult-adjust-bottom-margin ultimate-heading-230669f9ebba80337 uvc-2000 \" data-hspacer=\"no_spacer\"  data-halign=\"center\" style=\"text-align:center\"><div class=\"uvc-heading-spacer no_spacer\" style=\"top\"><\/div><div class=\"uvc-main-heading ult-responsive\"  data-ultimate-target='.uvc-heading.ultimate-heading-230669f9ebba80337 h2'  data-responsive-json-new='{\"font-size\":\"desktop:26px;\",\"line-height\":\"desktop:36px;\"}' ><h2 style=\"font-weight:bold;margin-bottom:30px;\">DEBERES DE LOS PACIENTES<\/h2><\/div><\/div><div class=\"ult-spacer spacer-69f9ebba8035d\" data-id=\"69f9ebba8035d\" data-height=\"25\" data-height-mobile=\"25\" data-height-tab=\"25\" data-height-tab-portrait=\"\" data-height-mobile-landscape=\"\" style=\"clear:both;display:block;\"><\/div><div class=\"standard-number-list list-divider\"><ol>\n<li style=\"text-align: justify;\"><strong>NO INGRESAR ARMAS:<\/strong>\u00a0Abstenerse de ingresar armas o cualquier elemento que se considere peligroso para la seguridad de los usuarios y trabajadores que se encuentran en el interior de la instituci\u00f3n.<\/li>\n<li style=\"text-align: justify;\"><strong>ASISTIR PUNTUALMENTE A LA CITA M\u00c9DICA:\u00a0<\/strong>Cuando por alguna raz\u00f3n no pueda asistir a la cita m\u00e9dica\u00a0 debe informar previamente para su cancelaci\u00f3n o reprogramaci\u00f3n.<\/li>\n<li style=\"text-align: justify;\"><strong>PRESENTAR TODOS LOS DOCUMENTOS<\/strong>: Es deber del paciente Presentar la\u00a0\u00a0 documentaci\u00f3n completa (Documento de identidad, carnet, ordenes y autorizaciones si se requieren\u00a0 e informar la direcci\u00f3n, tel\u00e9fonos, nombres y apellidos completos del paciente y el acompa\u00f1ante, de lo contrario el m\u00e9dico no le podr\u00e1 brindar la atenci\u00f3n medica.<\/li>\n<li style=\"text-align: justify;\"><strong>INFORMAR AL PERSONAL M\u00c9DICO SOBRE SU ESTADO DE SALUD:\u00a0<\/strong>Suministrar a su equipo m\u00e9dico tratante la informaci\u00f3n completa y detallada de sus s\u00edntomas, sus enfermedades pasadas, las hospitalizaciones o cirug\u00edas anteriores, los medicamentos que est\u00e1 tomando, las alergias o reacciones adversas que haya tenido ante alg\u00fan medicamento o el uso de alg\u00fan producto y todos aquellos aspectos relacionados con su salud.<\/li>\n<li style=\"text-align: justify;\"><strong>CUMPLIR LAS \u00d3RDENES M\u00c9DICAS Y EL PLAN DE TRATAMIENTO<\/strong>: Cumplir a cabalidad las \u00f3rdenes m\u00e9dicas y el plan de tratamiento ordenado en lo referente a medicamentos, actividad f\u00edsica, cuidado en casa siendo responsabilidad del paciente su auto cuidado.<\/li>\n<li style=\"text-align: justify;\"><strong>INFORMAR A SU M\u00c9DICO CAMBIOS INESPERADOS EN SU ESTADO DE SALUD<\/strong>:\u00a0Dar a conocer a su m\u00e9dico las reacciones que haya tenido para poder brindar una excelente atenci\u00f3n.<\/li>\n<li style=\"text-align: justify;\"><strong>ACEPTAR LAS CONSECUENCIAS CUANDO SE REH\u00daSA EL TRATAMIENTO:<\/strong>\u00a0Aceptar las consecuencias cuando reh\u00fasa el tratamiento sugerido o no sigue las instrucciones que le dio su m\u00e9dico.<\/li>\n<li style=\"text-align: justify;\"><strong>ASUMIR EL PAGO DE LOS SERVICIOS RECIBIDOS:<\/strong>\u00a0Cancelar el valor del costo por el servicio que se le prest\u00f3.<\/li>\n<li style=\"text-align: justify;\"><strong>DAR TRATO RESPETUOSO<\/strong>:\u00a0Tratar con respeto y cortes\u00eda al personal que le brinda la atenci\u00f3n.<\/li>\n<li style=\"text-align: justify;\"><strong>NO FUMAR:<\/strong> Abstenerse de fumar en cualquier lugar de la cl\u00ednica.<\/li>\n<\/ol>\n<\/div>[\/vc_column][\/vc_row][vc_row css=\u00bb.vc_custom_1550269930882{padding-top: 70px !important;padding-bottom: 70px !important;}\u00bb][vc_column width=\u00bb1\/4&#8243;][vc_single_image image=\u00bb2391&#8243; img_size=\u00bb250&#215;350&#8243; alignment=\u00bbcenter\u00bb style=\u00bbvc_box_border\u00bb onclick=\u00bblink_image\u00bb][\/vc_column][vc_column width=\u00bb1\/4&#8243;][vc_single_image image=\u00bb2390&#8243; img_size=\u00bb250&#215;350&#8243; alignment=\u00bbcenter\u00bb style=\u00bbvc_box_border\u00bb onclick=\u00bblink_image\u00bb][\/vc_column][vc_column width=\u00bb1\/4&#8243;][vc_single_image image=\u00bb2215&#8243; img_size=\u00bb250&#215;350&#8243; alignment=\u00bbcenter\u00bb style=\u00bbvc_box_border\u00bb onclick=\u00bblink_image\u00bb][\/vc_column][vc_column width=\u00bb1\/4&#8243;][vc_single_image image=\u00bb2216&#8243; img_size=\u00bb250&#215;350&#8243; alignment=\u00bbcenter\u00bb style=\u00bbvc_box_border\u00bb onclick=\u00bblink_image\u00bb][\/vc_column][\/vc_row][vc_row full_width=\u00bbstretch_row\u00bb bg_type=\u00bbbg_color\u00bb bg_override=\u00bbex-full\u00bb type=\u00bbvc_default\u00bb css=\u00bb.vc_custom_1518599696726{border-top-width: 1px !important;padding-top: 70px !important;padding-bottom: 70px !important;border-top-color: rgba(255,255,255,0.15) !important;border-top-style: solid !important;}\u00bb bg_color_value=\u00bb#ffffff\u00bb][vc_column width=\u00bb2\/3&#8243; offset=\u00bbvc_col-lg-offset-2 vc_col-lg-8 vc_col-md-offset-2 vc_col-md-8 vc_col-sm-offset-2 vc_col-xs-12&#8243;][vc_single_image image=\u00bb2700&#8243; img_size=\u00bbfull\u00bb alignment=\u00bbcenter\u00bb css=\u00bb.vc_custom_1617716746285{padding-bottom: 30px !important;}\u00bb][\/vc_column][\/vc_row]<\/p>\n","protected":false},"excerpt":{"rendered":"<p>[vc_row css=\u00bb.vc_custom_1550269930882{padding-top: 70px !important;padding-bottom: 70px !important;}\u00bb][vc_column width=\u00bb1\/6&#8243;][\/vc_column][vc_column width=\u00bb2\/3&#8243;][vc_column_text] En CLINICAL SPA estamos comprometidos con el cumplimiento de los requisitos formulados por nuestros clientes para lo cual prestamos servicios de salud y est\u00e9tica con elevadas caracter\u00edsticas de calidad, que permitan alcanzar resultados satisfactorios para los usuarios en cuanto a la recuperaci\u00f3n y\/o el mejoramiento de su&hellip;<\/p>\n","protected":false},"author":1,"featured_media":0,"parent":5,"menu_order":0,"comment_status":"closed","ping_status":"closed","template":"","meta":[],"_links":{"self":[{"href":"https:\/\/www.clinicalspa.com.co\/index.php\/wp-json\/wp\/v2\/pages\/1113"}],"collection":[{"href":"https:\/\/www.clinicalspa.com.co\/index.php\/wp-json\/wp\/v2\/pages"}],"about":[{"href":"https:\/\/www.clinicalspa.com.co\/index.php\/wp-json\/wp\/v2\/types\/page"}],"author":[{"embeddable":true,"href":"https:\/\/www.clinicalspa.com.co\/index.php\/wp-json\/wp\/v2\/users\/1"}],"replies":[{"embeddable":true,"href":"https:\/\/www.clinicalspa.com.co\/index.php\/wp-json\/wp\/v2\/comments?post=1113"}],"version-history":[{"count":38,"href":"https:\/\/www.clinicalspa.com.co\/index.php\/wp-json\/wp\/v2\/pages\/1113\/revisions"}],"predecessor-version":[{"id":2701,"href":"https:\/\/www.clinicalspa.com.co\/index.php\/wp-json\/wp\/v2\/pages\/1113\/revisions\/2701"}],"up":[{"embeddable":true,"href":"https:\/\/www.clinicalspa.com.co\/index.php\/wp-json\/wp\/v2\/pages\/5"}],"wp:attachment":[{"href":"https:\/\/www.clinicalspa.com.co\/index.php\/wp-json\/wp\/v2\/media?parent=1113"}],"curies":[{"name":"wp","href":"https:\/\/api.w.org\/{rel}","templated":true}]}}